{"id":13529,"date":"2026-04-10T07:44:33","date_gmt":"2026-04-10T07:44:33","guid":{"rendered":"https:\/\/itemstop.shop\/?post_type=product&#038;p=13529"},"modified":"2026-04-10T07:52:19","modified_gmt":"2026-04-10T07:52:19","slug":"arroz-con-carnes-autocalentable-varios-sabores-a-elegir-platos-de-arroz-autocalentables-ideal-para-comidas-rapidas","status":"publish","type":"product","link":"https:\/\/itemstop.shop\/es\/producto\/arroz-con-carnes-autocalentable-varios-sabores-a-elegir-platos-de-arroz-autocalentables-ideal-para-comidas-rapidas\/","title":{"rendered":"Arroz con Carnes Autocalentable varios Sabores a Elegir, Platos de Arroz Autocalentables Ideal para Comidas R\u00e1pidas"},"content":{"rendered":"<div data-elementor-type=\"product-post\" data-elementor-id=\"13529\" class=\"elementor elementor-13529\" data-elementor-post-type=\"product\">\n\t\t\t\t<div class=\"elementor-element elementor-element-4abc4124 e-flex e-con-boxed e-con e-parent\" data-id=\"4abc4124\" data-element_type=\"container\" data-settings=\"{&quot;ekit_has_onepagescroll_dot&quot;:&quot;yes&quot;}\">\n\t\t\t\t\t<div class=\"e-con-inner\">\n\t\t\t\t<div class=\"elementor-element elementor-element-3410b6ab elementor-widget elementor-widget-heading\" data-id=\"3410b6ab\" data-element_type=\"widget\" data-settings=\"{&quot;ekit_we_effect_on&quot;:&quot;none&quot;}\" data-widget_type=\"heading.default\">\n\t\t\t\t<div class=\"elementor-widget-container\">\n\t\t\t\t\t<h2 class=\"elementor-heading-title elementor-size-default\">M\u00faltiples sabores para todos los gustos<\/h2>\t\t\t\t<\/div>\n\t\t\t\t<\/div>\n\t\t\t\t<div class=\"elementor-element elementor-element-5e2d8c60 elementor-widget elementor-widget-text-editor\" data-id=\"5e2d8c60\" data-element_type=\"widget\" data-settings=\"{&quot;ekit_we_effect_on&quot;:&quot;none&quot;}\" data-widget_type=\"text-editor.default\">\n\t\t\t\t<div class=\"elementor-widget-container\">\n\t\t\t\t\t\t\t\t\t<p>Nuestro arroz autocalentable est\u00e1 disponible en una amplia variedad de sabores: ternera al curry, pollo con champi\u00f1ones, cerdo agridulce, verduras salteadas, picante estilo Sichuan, y m\u00e1s. \u00a1Cada semana puedes probar un sabor diferente sin aburrirte!<\/p>\t\t\t\t\t\t\t\t<\/div>\n\t\t\t\t<\/div>\n\t\t\t\t<div class=\"elementor-element elementor-element-5d10606f elementor-widget elementor-widget-image\" data-id=\"5d10606f\" data-element_type=\"widget\" data-settings=\"{&quot;ekit_we_effect_on&quot;:&quot;none&quot;}\" data-widget_type=\"image.default\">\n\t\t\t\t<div class=\"elementor-widget-container\">\n\t\t\t\t\t\t\t\t\t\t\t\t\t\t\t<img loading=\"lazy\" decoding=\"async\" width=\"1600\" height=\"656\" src=\"https:\/\/itemstop.shop\/wp-content\/uploads\/2026\/04\/IMG_20260409_093442-scaled-1.png\" class=\"attachment-full size-full wp-image-13539 wvs-archive-product-image\" alt=\"\" srcset=\"https:\/\/itemstop.shop\/wp-content\/uploads\/2026\/04\/IMG_20260409_093442-scaled-1.png 1600w, https:\/\/itemstop.shop\/wp-content\/uploads\/2026\/04\/IMG_20260409_093442-scaled-1-300x123.png 300w, https:\/\/itemstop.shop\/wp-content\/uploads\/2026\/04\/IMG_20260409_093442-scaled-1-1024x420.png 1024w, https:\/\/itemstop.shop\/wp-content\/uploads\/2026\/04\/IMG_20260409_093442-scaled-1-768x315.png 768w, https:\/\/itemstop.shop\/wp-content\/uploads\/2026\/04\/IMG_20260409_093442-scaled-1-1536x630.png 1536w, https:\/\/itemstop.shop\/wp-content\/uploads\/2026\/04\/IMG_20260409_093442-scaled-1-18x7.png 18w, https:\/\/itemstop.shop\/wp-content\/uploads\/2026\/04\/IMG_20260409_093442-scaled-1-600x246.png 600w, https:\/\/itemstop.shop\/wp-content\/uploads\/2026\/04\/IMG_20260409_093442-scaled-1-1x1.png 1w, https:\/\/itemstop.shop\/wp-content\/uploads\/2026\/04\/IMG_20260409_093442-scaled-1-10x4.png 10w\" sizes=\"auto, (max-width: 1600px) 100vw, 1600px\" \/>\t\t\t\t\t\t\t\t\t\t\t\t\t\t\t<\/div>\n\t\t\t\t<\/div>\n\t\t\t\t<div class=\"elementor-element elementor-element-43e47abc elementor-widget elementor-widget-heading\" data-id=\"43e47abc\" data-element_type=\"widget\" data-settings=\"{&quot;ekit_we_effect_on&quot;:&quot;none&quot;}\" data-widget_type=\"heading.default\">\n\t\t\t\t<div class=\"elementor-widget-container\">\n\t\t\t\t\t<h2 class=\"elementor-heading-title elementor-size-default\">Tecnolog\u00eda de autocalentamiento segura y sencilla<\/h2>\t\t\t\t<\/div>\n\t\t\t\t<\/div>\n\t\t\t\t<div class=\"elementor-element elementor-element-51ac9128 elementor-widget elementor-widget-text-editor\" data-id=\"51ac9128\" data-element_type=\"widget\" data-settings=\"{&quot;ekit_we_effect_on&quot;:&quot;none&quot;}\" data-widget_type=\"text-editor.default\">\n\t\t\t\t<div class=\"elementor-widget-container\">\n\t\t\t\t\t\t\t\t\t<p>Solo necesitas agua fr\u00eda, esperas entre 8 y 12 minutos, \u00a1y tendr\u00e1s un plato de arroz caliente como reci\u00e9n hecho! Sin fuego, sin microondas, perfecto para llevar donde quieras.<\/p>\t\t\t\t\t\t\t\t<\/div>\n\t\t\t\t<\/div>\n\t\t\t\t<div class=\"elementor-element elementor-element-2ea542e6 elementor-widget elementor-widget-image\" data-id=\"2ea542e6\" data-element_type=\"widget\" data-settings=\"{&quot;ekit_we_effect_on&quot;:&quot;none&quot;}\" data-widget_type=\"image.default\">\n\t\t\t\t<div class=\"elementor-widget-container\">\n\t\t\t\t\t\t\t\t\t\t\t\t\t\t\t<img loading=\"lazy\" decoding=\"async\" width=\"1600\" height=\"656\" src=\"https:\/\/itemstop.shop\/wp-content\/uploads\/2026\/04\/IMG_20260409_093503-scaled-1.png\" class=\"attachment-full size-full wp-image-13540 wvs-archive-product-image\" alt=\"\" srcset=\"https:\/\/itemstop.shop\/wp-content\/uploads\/2026\/04\/IMG_20260409_093503-scaled-1.png 1600w, https:\/\/itemstop.shop\/wp-content\/uploads\/2026\/04\/IMG_20260409_093503-scaled-1-300x123.png 300w, https:\/\/itemstop.shop\/wp-content\/uploads\/2026\/04\/IMG_20260409_093503-scaled-1-1024x420.png 1024w, https:\/\/itemstop.shop\/wp-content\/uploads\/2026\/04\/IMG_20260409_093503-scaled-1-768x315.png 768w, https:\/\/itemstop.shop\/wp-content\/uploads\/2026\/04\/IMG_20260409_093503-scaled-1-1536x630.png 1536w, https:\/\/itemstop.shop\/wp-content\/uploads\/2026\/04\/IMG_20260409_093503-scaled-1-18x7.png 18w, https:\/\/itemstop.shop\/wp-content\/uploads\/2026\/04\/IMG_20260409_093503-scaled-1-600x246.png 600w, https:\/\/itemstop.shop\/wp-content\/uploads\/2026\/04\/IMG_20260409_093503-scaled-1-1x1.png 1w, https:\/\/itemstop.shop\/wp-content\/uploads\/2026\/04\/IMG_20260409_093503-scaled-1-10x4.png 10w\" sizes=\"auto, (max-width: 1600px) 100vw, 1600px\" \/>\t\t\t\t\t\t\t\t\t\t\t\t\t\t\t<\/div>\n\t\t\t\t<\/div>\n\t\t\t\t<div class=\"elementor-element elementor-element-735fa6fc elementor-widget elementor-widget-heading\" data-id=\"735fa6fc\" data-element_type=\"widget\" data-settings=\"{&quot;ekit_we_effect_on&quot;:&quot;none&quot;}\" data-widget_type=\"heading.default\">\n\t\t\t\t<div class=\"elementor-widget-container\">\n\t\t\t\t\t<h2 class=\"elementor-heading-title elementor-size-default\">Ingredientes de calidad, sabor casero<\/h2>\t\t\t\t<\/div>\n\t\t\t\t<\/div>\n\t\t\t\t<div class=\"elementor-element elementor-element-244846e9 elementor-widget elementor-widget-text-editor\" data-id=\"244846e9\" data-element_type=\"widget\" data-settings=\"{&quot;ekit_we_effect_on&quot;:&quot;none&quot;}\" data-widget_type=\"text-editor.default\">\n\t\t\t\t<div class=\"elementor-widget-container\">\n\t\t\t\t\t\t\t\t\t<p>Utilizamos arroz de grano largo, verduras deshidratadas de alta calidad y carnes frescas envasadas al vac\u00edo. El sabor est\u00e1 cuidadosamente ajustado para recordarte la comida hecha en casa, no la t\u00edpica comida r\u00e1pida ins\u00edpida.<\/p>\t\t\t\t\t\t\t\t<\/div>\n\t\t\t\t<\/div>\n\t\t\t\t<div class=\"elementor-element elementor-element-585b7ce6 elementor-widget elementor-widget-image\" data-id=\"585b7ce6\" data-element_type=\"widget\" data-settings=\"{&quot;ekit_we_effect_on&quot;:&quot;none&quot;}\" data-widget_type=\"image.default\">\n\t\t\t\t<div class=\"elementor-widget-container\">\n\t\t\t\t\t\t\t\t\t\t\t\t\t\t\t<img loading=\"lazy\" decoding=\"async\" width=\"1600\" height=\"656\" src=\"https:\/\/itemstop.shop\/wp-content\/uploads\/2026\/04\/IMG_20260409_093359-1-scaled-1.png\" class=\"attachment-full size-full wp-image-13541 wvs-archive-product-image\" alt=\"\" srcset=\"https:\/\/itemstop.shop\/wp-content\/uploads\/2026\/04\/IMG_20260409_093359-1-scaled-1.png 1600w, https:\/\/itemstop.shop\/wp-content\/uploads\/2026\/04\/IMG_20260409_093359-1-scaled-1-300x123.png 300w, https:\/\/itemstop.shop\/wp-content\/uploads\/2026\/04\/IMG_20260409_093359-1-scaled-1-1024x420.png 1024w, https:\/\/itemstop.shop\/wp-content\/uploads\/2026\/04\/IMG_20260409_093359-1-scaled-1-768x315.png 768w, https:\/\/itemstop.shop\/wp-content\/uploads\/2026\/04\/IMG_20260409_093359-1-scaled-1-1536x630.png 1536w, https:\/\/itemstop.shop\/wp-content\/uploads\/2026\/04\/IMG_20260409_093359-1-scaled-1-18x7.png 18w, https:\/\/itemstop.shop\/wp-content\/uploads\/2026\/04\/IMG_20260409_093359-1-scaled-1-600x246.png 600w, https:\/\/itemstop.shop\/wp-content\/uploads\/2026\/04\/IMG_20260409_093359-1-scaled-1-1x1.png 1w, https:\/\/itemstop.shop\/wp-content\/uploads\/2026\/04\/IMG_20260409_093359-1-scaled-1-10x4.png 10w\" sizes=\"auto, (max-width: 1600px) 100vw, 1600px\" \/>\t\t\t\t\t\t\t\t\t\t\t\t\t\t\t<\/div>\n\t\t\t\t<\/div>\n\t\t\t\t<div class=\"elementor-element elementor-element-21c7bb27 elementor-widget elementor-widget-heading\" data-id=\"21c7bb27\" data-element_type=\"widget\" data-settings=\"{&quot;ekit_we_effect_on&quot;:&quot;none&quot;}\" data-widget_type=\"heading.default\">\n\t\t\t\t<div class=\"elementor-widget-container\">\n\t\t\t\t\t<h2 class=\"elementor-heading-title elementor-size-default\">Ideal para m\u00faltiples ocasiones<\/h2>\t\t\t\t<\/div>\n\t\t\t\t<\/div>\n\t\t\t\t<div class=\"elementor-element elementor-element-2b3036bd elementor-widget elementor-widget-text-editor\" data-id=\"2b3036bd\" data-element_type=\"widget\" data-settings=\"{&quot;ekit_we_effect_on&quot;:&quot;none&quot;}\" data-widget_type=\"text-editor.default\">\n\t\t\t\t<div class=\"elementor-widget-container\">\n\t\t\t\t\t\t\t\t\t<ul><li><p class=\"ds-markdown-paragraph\"><strong>Para llevar de viaje<\/strong> - En el tren o autob\u00fas, olv\u00eddate de los fideos instant\u00e1neos fr\u00edos.<\/p><\/li><li><p class=\"ds-markdown-paragraph\"><strong>Oficina <\/strong>\u00a0- Comida caliente sin salir del trabajo.<\/p><\/li><li><p class=\"ds-markdown-paragraph\"><strong>Excursiones <\/strong>\u00a0- Disfruta de una comida caliente en la monta\u00f1a o el campo.<\/p><\/li><li><p class=\"ds-markdown-paragraph\"><strong>Estudiantes<\/strong>\u00a0- En la universidad, sin cocina ni electricidad.<\/p><\/li><\/ul>\t\t\t\t\t\t\t\t<\/div>\n\t\t\t\t<\/div>\n\t\t\t\t<div class=\"elementor-element elementor-element-5e6dfdaa elementor-widget elementor-widget-image\" data-id=\"5e6dfdaa\" data-element_type=\"widget\" data-settings=\"{&quot;ekit_we_effect_on&quot;:&quot;none&quot;}\" data-widget_type=\"image.default\">\n\t\t\t\t<div class=\"elementor-widget-container\">\n\t\t\t\t\t\t\t\t\t\t\t\t\t\t\t<img loading=\"lazy\" decoding=\"async\" width=\"1600\" height=\"656\" src=\"https:\/\/itemstop.shop\/wp-content\/uploads\/2026\/04\/IMG_20260409_093419-1-scaled-1.png\" class=\"attachment-full size-full wp-image-13542 wvs-archive-product-image\" alt=\"\" srcset=\"https:\/\/itemstop.shop\/wp-content\/uploads\/2026\/04\/IMG_20260409_093419-1-scaled-1.png 1600w, https:\/\/itemstop.shop\/wp-content\/uploads\/2026\/04\/IMG_20260409_093419-1-scaled-1-300x123.png 300w, https:\/\/itemstop.shop\/wp-content\/uploads\/2026\/04\/IMG_20260409_093419-1-scaled-1-1024x420.png 1024w, https:\/\/itemstop.shop\/wp-content\/uploads\/2026\/04\/IMG_20260409_093419-1-scaled-1-768x315.png 768w, https:\/\/itemstop.shop\/wp-content\/uploads\/2026\/04\/IMG_20260409_093419-1-scaled-1-1536x630.png 1536w, https:\/\/itemstop.shop\/wp-content\/uploads\/2026\/04\/IMG_20260409_093419-1-scaled-1-18x7.png 18w, https:\/\/itemstop.shop\/wp-content\/uploads\/2026\/04\/IMG_20260409_093419-1-scaled-1-600x246.png 600w, https:\/\/itemstop.shop\/wp-content\/uploads\/2026\/04\/IMG_20260409_093419-1-scaled-1-1x1.png 1w, https:\/\/itemstop.shop\/wp-content\/uploads\/2026\/04\/IMG_20260409_093419-1-scaled-1-10x4.png 10w\" sizes=\"auto, (max-width: 1600px) 100vw, 1600px\" \/>\t\t\t\t\t\t\t\t\t\t\t\t\t\t\t<\/div>\n\t\t\t\t<\/div>\n\t\t\t\t\t<\/div>\n\t\t\t\t<\/div>\n\t\t<div class=\"elementor-element elementor-element-138b863b e-flex e-con-boxed e-con e-parent\" data-id=\"138b863b\" data-element_type=\"container\" data-settings=\"{&quot;ekit_has_onepagescroll_dot&quot;:&quot;yes&quot;}\">\n\t\t\t\t\t<div class=\"e-con-inner\">\n\t\t\t\t<div class=\"elementor-element elementor-element-175b7177 elementor-widget elementor-widget-text-editor\" data-id=\"175b7177\" data-element_type=\"widget\" data-settings=\"{&quot;ekit_we_effect_on&quot;:&quot;none&quot;}\" data-widget_type=\"text-editor.default\">\n\t\t\t\t<div class=\"elementor-widget-container\">\n\t\t\t\t\t\t\t\t\t<div class=\"elementor-widget-container\">\n    # Atributos clave\n\n<div class=\"product-table\">\n  <div class=\"product-row\">\n    <div class=\"product-label\">Tipo de almacenamiento<\/div>\n    <div class=\"product-value\">temperatura ambiente<\/div>\n  <\/div>\n  <div class=\"product-row\">\n    <div class=\"product-label\">Especificaci\u00f3n<\/div>\n    <div class=\"product-value\">294g(10.37oz)<\/div>\n  <\/div>\n  <div class=\"product-row\">\n    <div class=\"product-label\">Vida \u00fatil<\/div>\n    <div class=\"product-value\">300 d\u00edas<\/div>\n  <\/div>\n  <div class=\"product-row\">\n    <div class=\"product-label\">Ingredientes<\/div>\n    <div class=\"product-value\">Para m\u00e1s detalles, consulte el embalaje.<\/div>\n  <\/div>\n  <div class=\"product-row\">\n    <div class=\"product-label\">Contenido<\/div>\n    <div class=\"product-value\">294g(10.37oz)<\/div>\n  <\/div>\n  <div class=\"product-row\">\n    <div class=\"product-label\">Instrucciones de uso<\/div>\n    <div class=\"product-value\">Para m\u00e1s detalles, consulte el embalaje.<\/div>\n  <\/div>\n  <div class=\"product-row\">\n    <div class=\"product-label\">Lugar de origen<\/div>\n    <div class=\"product-value\">Otros<\/div>\n  <\/div>\n  <div class=\"product-row\">\n    <div class=\"product-label\">Embalaje y entrega<\/div>\n    <div class=\"product-value\"><\/div>\n  <\/div>\n  <div class=\"product-row\">\n    <div class=\"product-label\">Unidades de venta<\/div>\n    <div class=\"product-value\">Art\u00edculo individual<\/div>\n  <\/div>\n<\/div>\n\n<style>\n.product-table {\n  width: 100%;\n  border-top: 1px solid #000;\n  font-family: Arial, sans-serif;\n}\n\n.product-row {\n  display: flex;\n  border-bottom: 1px solid #000;\n  padding: 12px 0;\n}\n\n.product-label {\n  flex: 1;\n  font-weight: bold;\n  min-width: 200px;\n  padding-right: 20px;\n}\n\n.product-value {\n  flex: 1;\n  min-width: 200px;\n}\n<\/style>\n<\/div>\t\t\t\t\t\t\t\t<\/div>\n\t\t\t\t<\/div>\n\t\t\t\t\t<\/div>\n\t\t\t\t<\/div>\n\t\t\t\t<\/div>","protected":false},"excerpt":{"rendered":"<h2 class=\"a-size-base-plus a-text-bold\">Acerca de este art\u00edculo<\/h2>\n<div class=\"a-expander-collapsed-height a-row a-expander-container a-expander-partial-collapse-container\" data-a-expander-collapsed-height=\"300\">\n<div class=\"a-expander-content a-expander-partial-collapse-content a-expander-content-expanded\" data-expanded=\"true\">\n<ul class=\"a-unordered-list a-vertical a-spacing-mini\">\n<li class=\"a-spacing-mini\"><span class=\"a-list-item\">\ud835\udde5\ud835\uddd8\ud835\uddd4\ud835\uddd6\ud835\udddb \ud835\uddec\ud835\udde2\ud835\udde8\ud835\udde5 \ud835\uddda\ud835\udde2\ud835\uddd4\ud835\udddf\ud835\udde6 - Del\u00e9itese con comidas de raciones controladas, bajas en calor\u00edas y ricas en nutrientes, dise\u00f1adas para una salud \u00f3ptima. Nuestro variado men\u00fa apoya sus objetivos de control de peso con una nutrici\u00f3n deliciosa y equilibrada<\/span><\/li>\n<\/ul>\n<\/div>\n<\/div>","protected":false},"featured_media":13530,"comment_status":"open","ping_status":"closed","template":"","meta":{"_acf_changed":false},"etheme_brands":[],"product_brand":[],"product_cat":[118],"product_tag":[],"class_list":{"0":"post-13529","1":"product","2":"type-product","3":"status-publish","4":"has-post-thumbnail","6":"product_cat-sale-shop","8":"first","9":"instock","10":"sale","11":"shipping-taxable","12":"purchasable","13":"product-type-simple"},"acf":[],"_links":{"self":[{"href":"https:\/\/itemstop.shop\/es\/wp-json\/wp\/v2\/product\/13529","targetHints":{"allow":["GET"]}}],"collection":[{"href":"https:\/\/itemstop.shop\/es\/wp-json\/wp\/v2\/product"}],"about":[{"href":"https:\/\/itemstop.shop\/es\/wp-json\/wp\/v2\/types\/product"}],"replies":[{"embeddable":true,"href":"https:\/\/itemstop.shop\/es\/wp-json\/wp\/v2\/comments?post=13529"}],"version-history":[{"count":4,"href":"https:\/\/itemstop.shop\/es\/wp-json\/wp\/v2\/product\/13529\/revisions"}],"predecessor-version":[{"id":13550,"href":"https:\/\/itemstop.shop\/es\/wp-json\/wp\/v2\/product\/13529\/revisions\/13550"}],"wp:featuredmedia":[{"embeddable":true,"href":"https:\/\/itemstop.shop\/es\/wp-json\/wp\/v2\/media\/13530"}],"wp:attachment":[{"href":"https:\/\/itemstop.shop\/es\/wp-json\/wp\/v2\/media?parent=13529"}],"wp:term":[{"taxonomy":"brand","embeddable":true,"href":"https:\/\/itemstop.shop\/es\/wp-json\/wp\/v2\/etheme_brands?post=13529"},{"taxonomy":"product_brand","embeddable":true,"href":"https:\/\/itemstop.shop\/es\/wp-json\/wp\/v2\/product_brand?post=13529"},{"taxonomy":"product_cat","embeddable":true,"href":"https:\/\/itemstop.shop\/es\/wp-json\/wp\/v2\/product_cat?post=13529"},{"taxonomy":"product_tag","embeddable":true,"href":"https:\/\/itemstop.shop\/es\/wp-json\/wp\/v2\/product_tag?post=13529"}],"curies":[{"name":"wp","href":"https:\/\/api.w.org\/{rel}","templated":true}]}}