{"id":13503,"date":"2026-04-06T03:30:18","date_gmt":"2026-04-06T03:30:18","guid":{"rendered":"https:\/\/itemstop.shop\/?post_type=product&#038;p=13503"},"modified":"2026-04-06T03:37:44","modified_gmt":"2026-04-06T03:37:44","slug":"pegatinas-para-suelo-de-madera-36-pzas-5-m%c2%b2-impermeables-y-resistentes-al-desgaste-para-sala-de-estar-dormitorio-cocina-y-oficina-en-casa-autoadhesivas-material-de-pvc-pegatinas-para-suel","status":"publish","type":"product","link":"https:\/\/itemstop.shop\/es\/producto\/pegatinas-para-suelo-de-madera-36-pzas-5-m%c2%b2-impermeables-y-resistentes-al-desgaste-para-sala-de-estar-dormitorio-cocina-y-oficina-en-casa-autoadhesivas-material-de-pvc-pegatinas-para-suel\/","title":{"rendered":"Pegatinas para suelo de madera, 36 pzas\/5 m\u00b2, impermeables y resistentes al desgaste, para sala de estar, dormitorio, cocina y oficina en casa, autoadhesivas, material de PVC. Pegatinas para suelo de madera."},"content":{"rendered":"<div data-elementor-type=\"product-post\" data-elementor-id=\"13503\" class=\"elementor elementor-13503\" data-elementor-post-type=\"product\">\n\t\t\t\t<div class=\"elementor-element elementor-element-61671dab e-flex e-con-boxed e-con e-parent\" data-id=\"61671dab\" data-element_type=\"container\" data-settings=\"{&quot;ekit_has_onepagescroll_dot&quot;:&quot;yes&quot;}\">\n\t\t\t\t\t<div class=\"e-con-inner\">\n\t\t\t\t<div class=\"elementor-element elementor-element-353e746a elementor-widget elementor-widget-image\" data-id=\"353e746a\" data-element_type=\"widget\" data-settings=\"{&quot;ekit_we_effect_on&quot;:&quot;none&quot;}\" data-widget_type=\"image.default\">\n\t\t\t\t<div class=\"elementor-widget-container\">\n\t\t\t\t\t\t\t\t\t\t\t\t\t\t\t<img loading=\"lazy\" decoding=\"async\" width=\"970\" height=\"600\" src=\"https:\/\/itemstop.shop\/wp-content\/uploads\/2026\/04\/667cce4b-5f60-466f-906e-87a7d08aa6a5.__CR00970600_PT0_SX970_V1___.jpg\" class=\"attachment-full size-full wp-image-13514 wvs-archive-product-image\" alt=\"\" srcset=\"https:\/\/itemstop.shop\/wp-content\/uploads\/2026\/04\/667cce4b-5f60-466f-906e-87a7d08aa6a5.__CR00970600_PT0_SX970_V1___.jpg 970w, https:\/\/itemstop.shop\/wp-content\/uploads\/2026\/04\/667cce4b-5f60-466f-906e-87a7d08aa6a5.__CR00970600_PT0_SX970_V1___-300x186.jpg 300w, https:\/\/itemstop.shop\/wp-content\/uploads\/2026\/04\/667cce4b-5f60-466f-906e-87a7d08aa6a5.__CR00970600_PT0_SX970_V1___-768x475.jpg 768w, https:\/\/itemstop.shop\/wp-content\/uploads\/2026\/04\/667cce4b-5f60-466f-906e-87a7d08aa6a5.__CR00970600_PT0_SX970_V1___-18x12.jpg 18w, https:\/\/itemstop.shop\/wp-content\/uploads\/2026\/04\/667cce4b-5f60-466f-906e-87a7d08aa6a5.__CR00970600_PT0_SX970_V1___-600x371.jpg 600w, https:\/\/itemstop.shop\/wp-content\/uploads\/2026\/04\/667cce4b-5f60-466f-906e-87a7d08aa6a5.__CR00970600_PT0_SX970_V1___-1x1.jpg 1w, https:\/\/itemstop.shop\/wp-content\/uploads\/2026\/04\/667cce4b-5f60-466f-906e-87a7d08aa6a5.__CR00970600_PT0_SX970_V1___-10x6.jpg 10w\" sizes=\"auto, (max-width: 970px) 100vw, 970px\" \/>\t\t\t\t\t\t\t\t\t\t\t\t\t\t\t<\/div>\n\t\t\t\t<\/div>\n\t\t\t\t<div class=\"elementor-element elementor-element-5b242fe9 elementor-widget elementor-widget-text-editor\" data-id=\"5b242fe9\" data-element_type=\"widget\" data-settings=\"{&quot;ekit_we_effect_on&quot;:&quot;none&quot;}\" data-widget_type=\"text-editor.default\">\n\t\t\t\t<div class=\"elementor-widget-container\">\n\t\t\t\t\t\t\t\t\t<p class=\"a-spacing-base\">Los suelos tradicionales de madera maciza son caros y deben ser instalados por profesionales.<\/p><p class=\"a-spacing-base\">\u00bfQuiere redise\u00f1ar el suelo pero le preocupa que la colocaci\u00f3n sea demasiado complicada? \u00bfPresupuesto limitado? \u00bfNo dispone de tiempo suficiente? Estos suelos de PVC autoadhesivos pueden ayudarle a resolver los problemas y cambiar f\u00e1cilmente el estilo del suelo sin invertir demasiado tiempo ni dinero.<\/p>\t\t\t\t\t\t\t\t<\/div>\n\t\t\t\t<\/div>\n\t\t\t\t<div class=\"elementor-element elementor-element-5dec223c elementor-position-left elementor-vertical-align-middle elementor-widget elementor-widget-image-box\" data-id=\"5dec223c\" data-element_type=\"widget\" data-settings=\"{&quot;ekit_we_effect_on&quot;:&quot;none&quot;}\" data-widget_type=\"image-box.default\">\n\t\t\t\t<div class=\"elementor-widget-container\">\n\t\t\t\t\t<div class=\"elementor-image-box-wrapper\"><figure class=\"elementor-image-box-img\"><img loading=\"lazy\" decoding=\"async\" width=\"300\" height=\"300\" src=\"https:\/\/itemstop.shop\/wp-content\/uploads\/2026\/04\/03738e93-8909-4936-8bd0-a31829739779.__CR00300300_PT0_SX300_V1___.jpg\" class=\"attachment-full size-full wp-image-13515 wvs-archive-product-image\" alt=\"\" srcset=\"https:\/\/itemstop.shop\/wp-content\/uploads\/2026\/04\/03738e93-8909-4936-8bd0-a31829739779.__CR00300300_PT0_SX300_V1___.jpg 300w, https:\/\/itemstop.shop\/wp-content\/uploads\/2026\/04\/03738e93-8909-4936-8bd0-a31829739779.__CR00300300_PT0_SX300_V1___-150x150.jpg 150w, https:\/\/itemstop.shop\/wp-content\/uploads\/2026\/04\/03738e93-8909-4936-8bd0-a31829739779.__CR00300300_PT0_SX300_V1___-12x12.jpg 12w, https:\/\/itemstop.shop\/wp-content\/uploads\/2026\/04\/03738e93-8909-4936-8bd0-a31829739779.__CR00300300_PT0_SX300_V1___-100x100.jpg 100w, https:\/\/itemstop.shop\/wp-content\/uploads\/2026\/04\/03738e93-8909-4936-8bd0-a31829739779.__CR00300300_PT0_SX300_V1___-50x50.jpg 50w, https:\/\/itemstop.shop\/wp-content\/uploads\/2026\/04\/03738e93-8909-4936-8bd0-a31829739779.__CR00300300_PT0_SX300_V1___-1x1.jpg 1w, https:\/\/itemstop.shop\/wp-content\/uploads\/2026\/04\/03738e93-8909-4936-8bd0-a31829739779.__CR00300300_PT0_SX300_V1___-10x10.jpg 10w\" sizes=\"auto, (max-width: 300px) 100vw, 300px\" \/><\/figure><div class=\"elementor-image-box-content\"><p class=\"elementor-image-box-description\">Adhesivo para suelos espesado\nEl grosor es superior al de las pegatinas autoadhesivas de PVC normales, con un grosor de 1,5 mm. El pie puede sentirse c\u00f3modo en \u00e9l, y desempe\u00f1ar el papel de aislamiento del suelo.<\/p><\/div><\/div>\t\t\t\t<\/div>\n\t\t\t\t<\/div>\n\t\t\t\t<div class=\"elementor-element elementor-element-5a10f75b elementor-position-right elementor-vertical-align-middle elementor-widget elementor-widget-image-box\" data-id=\"5a10f75b\" data-element_type=\"widget\" data-settings=\"{&quot;ekit_we_effect_on&quot;:&quot;none&quot;}\" data-widget_type=\"image-box.default\">\n\t\t\t\t<div class=\"elementor-widget-container\">\n\t\t\t\t\t<div class=\"elementor-image-box-wrapper\"><figure class=\"elementor-image-box-img\"><img loading=\"lazy\" decoding=\"async\" width=\"300\" height=\"300\" src=\"https:\/\/itemstop.shop\/wp-content\/uploads\/2026\/04\/d2148259-15dc-4ef8-8bc7-bb70e2640b3e.__CR0016001600_PT0_SX300_V1___.jpg\" class=\"attachment-full size-full wp-image-13516 wvs-archive-product-image\" alt=\"\" srcset=\"https:\/\/itemstop.shop\/wp-content\/uploads\/2026\/04\/d2148259-15dc-4ef8-8bc7-bb70e2640b3e.__CR0016001600_PT0_SX300_V1___.jpg 300w, https:\/\/itemstop.shop\/wp-content\/uploads\/2026\/04\/d2148259-15dc-4ef8-8bc7-bb70e2640b3e.__CR0016001600_PT0_SX300_V1___-150x150.jpg 150w, https:\/\/itemstop.shop\/wp-content\/uploads\/2026\/04\/d2148259-15dc-4ef8-8bc7-bb70e2640b3e.__CR0016001600_PT0_SX300_V1___-12x12.jpg 12w, https:\/\/itemstop.shop\/wp-content\/uploads\/2026\/04\/d2148259-15dc-4ef8-8bc7-bb70e2640b3e.__CR0016001600_PT0_SX300_V1___-100x100.jpg 100w, https:\/\/itemstop.shop\/wp-content\/uploads\/2026\/04\/d2148259-15dc-4ef8-8bc7-bb70e2640b3e.__CR0016001600_PT0_SX300_V1___-50x50.jpg 50w, https:\/\/itemstop.shop\/wp-content\/uploads\/2026\/04\/d2148259-15dc-4ef8-8bc7-bb70e2640b3e.__CR0016001600_PT0_SX300_V1___-1x1.jpg 1w, https:\/\/itemstop.shop\/wp-content\/uploads\/2026\/04\/d2148259-15dc-4ef8-8bc7-bb70e2640b3e.__CR0016001600_PT0_SX300_V1___-10x10.jpg 10w\" sizes=\"auto, (max-width: 300px) 100vw, 300px\" \/><\/figure><div class=\"elementor-image-box-content\"><p class=\"elementor-image-box-description\">Bricolaje f\u00e1cil\nLos suelos de PVC con motivos de madera tienen un efecto visual de primera clase que hace que su interior parezca m\u00e1s elegante y encantador.\n\nDespegue el papel de soporte para colocar el suelo de vinilo, y tambi\u00e9n una persona puede realizar la colocaci\u00f3n.<\/p><\/div><\/div>\t\t\t\t<\/div>\n\t\t\t\t<\/div>\n\t\t\t\t<div class=\"elementor-element elementor-element-71c47f46 elementor-widget elementor-widget-text-editor\" data-id=\"71c47f46\" data-element_type=\"widget\" data-settings=\"{&quot;ekit_we_effect_on&quot;:&quot;none&quot;}\" data-widget_type=\"text-editor.default\">\n\t\t\t\t<div class=\"elementor-widget-container\">\n\t\t\t\t\t\t\t\t\t<h3 class=\"a-spacing-small\">Escenario de aplicaci\u00f3n<\/h3>\t\t\t\t\t\t\t\t<\/div>\n\t\t\t\t<\/div>\n\t\t<div class=\"elementor-element elementor-element-96e95c6 e-grid e-con-full e-con e-child\" data-id=\"96e95c6\" data-element_type=\"container\" data-settings=\"{&quot;ekit_has_onepagescroll_dot&quot;:&quot;yes&quot;}\">\n\t\t\t\t<div class=\"elementor-element elementor-element-3a9d55f5 elementor-widget elementor-widget-image\" data-id=\"3a9d55f5\" data-element_type=\"widget\" data-settings=\"{&quot;ekit_we_effect_on&quot;:&quot;none&quot;}\" data-widget_type=\"image.default\">\n\t\t\t\t<div class=\"elementor-widget-container\">\n\t\t\t\t\t\t\t\t\t\t\t\t\t\t\t<img loading=\"lazy\" decoding=\"async\" width=\"300\" height=\"300\" src=\"https:\/\/itemstop.shop\/wp-content\/uploads\/2026\/04\/4a4c0f88-c5ed-4ecb-ac78-d08fea8383a7.__CR0016001600_PT0_SX300_V1___.jpg\" class=\"attachment-large size-large wp-image-13517 wvs-archive-product-image\" alt=\"\" srcset=\"https:\/\/itemstop.shop\/wp-content\/uploads\/2026\/04\/4a4c0f88-c5ed-4ecb-ac78-d08fea8383a7.__CR0016001600_PT0_SX300_V1___.jpg 300w, https:\/\/itemstop.shop\/wp-content\/uploads\/2026\/04\/4a4c0f88-c5ed-4ecb-ac78-d08fea8383a7.__CR0016001600_PT0_SX300_V1___-150x150.jpg 150w, https:\/\/itemstop.shop\/wp-content\/uploads\/2026\/04\/4a4c0f88-c5ed-4ecb-ac78-d08fea8383a7.__CR0016001600_PT0_SX300_V1___-12x12.jpg 12w, https:\/\/itemstop.shop\/wp-content\/uploads\/2026\/04\/4a4c0f88-c5ed-4ecb-ac78-d08fea8383a7.__CR0016001600_PT0_SX300_V1___-100x100.jpg 100w, https:\/\/itemstop.shop\/wp-content\/uploads\/2026\/04\/4a4c0f88-c5ed-4ecb-ac78-d08fea8383a7.__CR0016001600_PT0_SX300_V1___-50x50.jpg 50w, https:\/\/itemstop.shop\/wp-content\/uploads\/2026\/04\/4a4c0f88-c5ed-4ecb-ac78-d08fea8383a7.__CR0016001600_PT0_SX300_V1___-1x1.jpg 1w, https:\/\/itemstop.shop\/wp-content\/uploads\/2026\/04\/4a4c0f88-c5ed-4ecb-ac78-d08fea8383a7.__CR0016001600_PT0_SX300_V1___-10x10.jpg 10w\" sizes=\"auto, (max-width: 300px) 100vw, 300px\" \/>\t\t\t\t\t\t\t\t\t\t\t\t\t\t\t<\/div>\n\t\t\t\t<\/div>\n\t\t\t\t<div class=\"elementor-element elementor-element-15f6f8bd elementor-widget elementor-widget-image\" data-id=\"15f6f8bd\" data-element_type=\"widget\" data-settings=\"{&quot;ekit_we_effect_on&quot;:&quot;none&quot;}\" data-widget_type=\"image.default\">\n\t\t\t\t<div class=\"elementor-widget-container\">\n\t\t\t\t\t\t\t\t\t\t\t\t\t\t\t<img loading=\"lazy\" decoding=\"async\" width=\"300\" height=\"300\" src=\"https:\/\/itemstop.shop\/wp-content\/uploads\/2026\/04\/b38e2fb2-da2a-48d0-bd46-2d6cdd2af464.__CR0016001600_PT0_SX300_V1___.jpg\" class=\"attachment-large size-large wp-image-13518 wvs-archive-product-image\" alt=\"\" srcset=\"https:\/\/itemstop.shop\/wp-content\/uploads\/2026\/04\/b38e2fb2-da2a-48d0-bd46-2d6cdd2af464.__CR0016001600_PT0_SX300_V1___.jpg 300w, https:\/\/itemstop.shop\/wp-content\/uploads\/2026\/04\/b38e2fb2-da2a-48d0-bd46-2d6cdd2af464.__CR0016001600_PT0_SX300_V1___-150x150.jpg 150w, https:\/\/itemstop.shop\/wp-content\/uploads\/2026\/04\/b38e2fb2-da2a-48d0-bd46-2d6cdd2af464.__CR0016001600_PT0_SX300_V1___-12x12.jpg 12w, https:\/\/itemstop.shop\/wp-content\/uploads\/2026\/04\/b38e2fb2-da2a-48d0-bd46-2d6cdd2af464.__CR0016001600_PT0_SX300_V1___-100x100.jpg 100w, https:\/\/itemstop.shop\/wp-content\/uploads\/2026\/04\/b38e2fb2-da2a-48d0-bd46-2d6cdd2af464.__CR0016001600_PT0_SX300_V1___-50x50.jpg 50w, https:\/\/itemstop.shop\/wp-content\/uploads\/2026\/04\/b38e2fb2-da2a-48d0-bd46-2d6cdd2af464.__CR0016001600_PT0_SX300_V1___-1x1.jpg 1w, https:\/\/itemstop.shop\/wp-content\/uploads\/2026\/04\/b38e2fb2-da2a-48d0-bd46-2d6cdd2af464.__CR0016001600_PT0_SX300_V1___-10x10.jpg 10w\" sizes=\"auto, (max-width: 300px) 100vw, 300px\" \/>\t\t\t\t\t\t\t\t\t\t\t\t\t\t\t<\/div>\n\t\t\t\t<\/div>\n\t\t\t\t<div class=\"elementor-element elementor-element-20487f0c elementor-widget elementor-widget-image\" data-id=\"20487f0c\" data-element_type=\"widget\" data-settings=\"{&quot;ekit_we_effect_on&quot;:&quot;none&quot;}\" data-widget_type=\"image.default\">\n\t\t\t\t<div class=\"elementor-widget-container\">\n\t\t\t\t\t\t\t\t\t\t\t\t\t\t\t<img loading=\"lazy\" decoding=\"async\" width=\"300\" height=\"300\" src=\"https:\/\/itemstop.shop\/wp-content\/uploads\/2026\/04\/d42840fe-feb5-4c37-b751-7ce69c692133.__CR0016001600_PT0_SX300_V1___.jpg\" class=\"attachment-full size-full wp-image-13519 wvs-archive-product-image\" alt=\"\" srcset=\"https:\/\/itemstop.shop\/wp-content\/uploads\/2026\/04\/d42840fe-feb5-4c37-b751-7ce69c692133.__CR0016001600_PT0_SX300_V1___.jpg 300w, https:\/\/itemstop.shop\/wp-content\/uploads\/2026\/04\/d42840fe-feb5-4c37-b751-7ce69c692133.__CR0016001600_PT0_SX300_V1___-150x150.jpg 150w, https:\/\/itemstop.shop\/wp-content\/uploads\/2026\/04\/d42840fe-feb5-4c37-b751-7ce69c692133.__CR0016001600_PT0_SX300_V1___-12x12.jpg 12w, https:\/\/itemstop.shop\/wp-content\/uploads\/2026\/04\/d42840fe-feb5-4c37-b751-7ce69c692133.__CR0016001600_PT0_SX300_V1___-100x100.jpg 100w, https:\/\/itemstop.shop\/wp-content\/uploads\/2026\/04\/d42840fe-feb5-4c37-b751-7ce69c692133.__CR0016001600_PT0_SX300_V1___-50x50.jpg 50w, https:\/\/itemstop.shop\/wp-content\/uploads\/2026\/04\/d42840fe-feb5-4c37-b751-7ce69c692133.__CR0016001600_PT0_SX300_V1___-1x1.jpg 1w, https:\/\/itemstop.shop\/wp-content\/uploads\/2026\/04\/d42840fe-feb5-4c37-b751-7ce69c692133.__CR0016001600_PT0_SX300_V1___-10x10.jpg 10w\" sizes=\"auto, (max-width: 300px) 100vw, 300px\" \/>\t\t\t\t\t\t\t\t\t\t\t\t\t\t\t<\/div>\n\t\t\t\t<\/div>\n\t\t\t\t<\/div>\n\t\t\t\t\t<\/div>\n\t\t\t\t<\/div>\n\t\t<div class=\"elementor-element elementor-element-ae44323 e-flex e-con-boxed e-con e-parent\" data-id=\"ae44323\" data-element_type=\"container\" data-settings=\"{&quot;ekit_has_onepagescroll_dot&quot;:&quot;yes&quot;}\">\n\t\t\t\t\t<div class=\"e-con-inner\">\n\t\t\t\t<div class=\"elementor-element elementor-element-70545741 elementor-widget elementor-widget-text-editor\" data-id=\"70545741\" data-element_type=\"widget\" data-settings=\"{&quot;ekit_we_effect_on&quot;:&quot;none&quot;}\" data-widget_type=\"text-editor.default\">\n\t\t\t\t<div class=\"elementor-widget-container\">\n\t\t\t\t\t\t\t\t\t<h3 class=\"a-spacing-mini\">Caracter\u00edsticas<\/h3>\t\t\t\t\t\t\t\t<\/div>\n\t\t\t\t<\/div>\n\t\t\t\t<div class=\"elementor-element elementor-element-14554a17 elementor-widget elementor-widget-image\" data-id=\"14554a17\" data-element_type=\"widget\" data-settings=\"{&quot;ekit_we_effect_on&quot;:&quot;none&quot;}\" data-widget_type=\"image.default\">\n\t\t\t\t<div class=\"elementor-widget-container\">\n\t\t\t\t\t\t\t\t\t\t\t\t\t\t\t<img loading=\"lazy\" decoding=\"async\" width=\"970\" height=\"600\" src=\"https:\/\/itemstop.shop\/wp-content\/uploads\/2026\/04\/2ecea9e0-6140-42d0-8241-83b29a5daca6.__CR00970600_PT0_SX970_V1___.jpg\" class=\"attachment-full size-full wp-image-13520 wvs-archive-product-image\" alt=\"\" srcset=\"https:\/\/itemstop.shop\/wp-content\/uploads\/2026\/04\/2ecea9e0-6140-42d0-8241-83b29a5daca6.__CR00970600_PT0_SX970_V1___.jpg 970w, https:\/\/itemstop.shop\/wp-content\/uploads\/2026\/04\/2ecea9e0-6140-42d0-8241-83b29a5daca6.__CR00970600_PT0_SX970_V1___-300x186.jpg 300w, https:\/\/itemstop.shop\/wp-content\/uploads\/2026\/04\/2ecea9e0-6140-42d0-8241-83b29a5daca6.__CR00970600_PT0_SX970_V1___-768x475.jpg 768w, https:\/\/itemstop.shop\/wp-content\/uploads\/2026\/04\/2ecea9e0-6140-42d0-8241-83b29a5daca6.__CR00970600_PT0_SX970_V1___-18x12.jpg 18w, https:\/\/itemstop.shop\/wp-content\/uploads\/2026\/04\/2ecea9e0-6140-42d0-8241-83b29a5daca6.__CR00970600_PT0_SX970_V1___-600x371.jpg 600w, https:\/\/itemstop.shop\/wp-content\/uploads\/2026\/04\/2ecea9e0-6140-42d0-8241-83b29a5daca6.__CR00970600_PT0_SX970_V1___-1x1.jpg 1w, https:\/\/itemstop.shop\/wp-content\/uploads\/2026\/04\/2ecea9e0-6140-42d0-8241-83b29a5daca6.__CR00970600_PT0_SX970_V1___-10x6.jpg 10w\" sizes=\"auto, (max-width: 970px) 100vw, 970px\" \/>\t\t\t\t\t\t\t\t\t\t\t\t\t\t\t<\/div>\n\t\t\t\t<\/div>\n\t\t\t\t<div class=\"elementor-element elementor-element-1377ce1e elementor-widget elementor-widget-image\" data-id=\"1377ce1e\" data-element_type=\"widget\" data-settings=\"{&quot;ekit_we_effect_on&quot;:&quot;none&quot;}\" data-widget_type=\"image.default\">\n\t\t\t\t<div class=\"elementor-widget-container\">\n\t\t\t\t\t\t\t\t\t\t\t\t\t\t\t<img loading=\"lazy\" decoding=\"async\" width=\"970\" height=\"600\" src=\"https:\/\/itemstop.shop\/wp-content\/uploads\/2026\/04\/9ccfe66e-4a6a-47a6-8ec7-2a7483603428.__CR00970600_PT0_SX970_V1___.jpg\" class=\"attachment-full size-full wp-image-13521 wvs-archive-product-image\" alt=\"\" srcset=\"https:\/\/itemstop.shop\/wp-content\/uploads\/2026\/04\/9ccfe66e-4a6a-47a6-8ec7-2a7483603428.__CR00970600_PT0_SX970_V1___.jpg 970w, https:\/\/itemstop.shop\/wp-content\/uploads\/2026\/04\/9ccfe66e-4a6a-47a6-8ec7-2a7483603428.__CR00970600_PT0_SX970_V1___-300x186.jpg 300w, https:\/\/itemstop.shop\/wp-content\/uploads\/2026\/04\/9ccfe66e-4a6a-47a6-8ec7-2a7483603428.__CR00970600_PT0_SX970_V1___-768x475.jpg 768w, https:\/\/itemstop.shop\/wp-content\/uploads\/2026\/04\/9ccfe66e-4a6a-47a6-8ec7-2a7483603428.__CR00970600_PT0_SX970_V1___-18x12.jpg 18w, https:\/\/itemstop.shop\/wp-content\/uploads\/2026\/04\/9ccfe66e-4a6a-47a6-8ec7-2a7483603428.__CR00970600_PT0_SX970_V1___-600x371.jpg 600w, https:\/\/itemstop.shop\/wp-content\/uploads\/2026\/04\/9ccfe66e-4a6a-47a6-8ec7-2a7483603428.__CR00970600_PT0_SX970_V1___-1x1.jpg 1w, https:\/\/itemstop.shop\/wp-content\/uploads\/2026\/04\/9ccfe66e-4a6a-47a6-8ec7-2a7483603428.__CR00970600_PT0_SX970_V1___-10x6.jpg 10w\" sizes=\"auto, (max-width: 970px) 100vw, 970px\" \/>\t\t\t\t\t\t\t\t\t\t\t\t\t\t\t<\/div>\n\t\t\t\t<\/div>\n\t\t\t\t<div class=\"elementor-element elementor-element-552c6ef5 elementor-widget elementor-widget-text-editor\" data-id=\"552c6ef5\" data-element_type=\"widget\" data-settings=\"{&quot;ekit_we_effect_on&quot;:&quot;none&quot;}\" data-widget_type=\"text-editor.default\">\n\t\t\t\t<div class=\"elementor-widget-container\">\n\t\t\t\t\t\t\t\t\t<!DOCTYPE html>\n<html lang=\"es\">\n<head>\n<meta charset=\"UTF-8\">\n<meta name=\"viewport\" content=\"width=device-width, initial-scale=1.0\">\n<title>Especificaciones del Producto<\/title>\n<style>\n  * {\n    margin: 0;\n    padding: 0;\n    box-sizing: border-box;\n  }\n  body {\n    background: transparent;\n    font-family: 'Inter', 'Segoe UI', system-ui, sans-serif;\n    -webkit-font-smoothing: antialiased;\n    padding: 20px 0;\n  }\n  .spec-table {\n    width: 100%;\n    border-collapse: collapse;\n    font-size: 14px;\n    line-height: 1.8;\n  }\n  .spec-table tr {\n    border-bottom: 1px solid #e6eef7;\n  }\n  .spec-table td:nth-child(1),\n  .spec-table td:nth-child(3) {\n    width: 20%;\n    font-weight: 500;\n    color: #2d70b3;\n    background: #f5f9ff;\n    padding: 14px 16px;\n    text-align: left;\n    vertical-align: top;\n    word-break: break-word;\n  }\n  .spec-table td:nth-child(2),\n  .spec-table td:nth-child(4) {\n    width: 30%;\n    color: #333;\n    background: #ffffff;\n    padding: 14px 16px;\n    text-align: left;\n    vertical-align: top;\n    word-break: break-word;\n  }\n<\/style>\n<\/head>\n<body>\n\n<table class=\"spec-table\">\n  <tr>\n    <td>Tipo de producto<\/td>\n    <td>Pegatinas para suelo de madera<\/td>\n    <td>Cantidad<\/td>\n    <td>36 piezas \/ 5 m\u00b2<\/td>\n  <\/tr>\n  <tr>\n    <td>Material<\/td>\n    <td>PVC<\/td>\n    <td>Instalaci\u00f3n<\/td>\n    <td>Autoadhesivas<\/td>\n  <\/tr>\n  <tr>\n    <td>Caracter\u00edsticas<\/td>\n    <td>Impermeables, resistentes al desgaste<\/td>\n    <td>Uso<\/td>\n    <td>Sala, dormitorio, cocina, oficina<\/td>\n  <\/tr>\n<\/table>\n\n<\/body>\n<\/html>\t\t\t\t\t\t\t\t<\/div>\n\t\t\t\t<\/div>\n\t\t\t\t\t<\/div>\n\t\t\t\t<\/div>\n\t\t\t\t<\/div>","protected":false},"excerpt":{"rendered":"<p>Traditional solid wood floors are expensive and need to be laid by professionals. If you want to redesign the floor&#8230;<\/p>","protected":false},"featured_media":13504,"comment_status":"open","ping_status":"closed","template":"","meta":{"_acf_changed":false},"etheme_brands":[],"product_brand":[],"product_cat":[118],"product_tag":[],"class_list":{"0":"post-13503","1":"product","2":"type-product","3":"status-publish","4":"has-post-thumbnail","6":"product_cat-sale-shop","8":"first","9":"instock","10":"sale","11":"shipping-taxable","12":"purchasable","13":"product-type-simple"},"acf":[],"_links":{"self":[{"href":"https:\/\/itemstop.shop\/es\/wp-json\/wp\/v2\/product\/13503","targetHints":{"allow":["GET"]}}],"collection":[{"href":"https:\/\/itemstop.shop\/es\/wp-json\/wp\/v2\/product"}],"about":[{"href":"https:\/\/itemstop.shop\/es\/wp-json\/wp\/v2\/types\/product"}],"replies":[{"embeddable":true,"href":"https:\/\/itemstop.shop\/es\/wp-json\/wp\/v2\/comments?post=13503"}],"version-history":[{"count":4,"href":"https:\/\/itemstop.shop\/es\/wp-json\/wp\/v2\/product\/13503\/revisions"}],"predecessor-version":[{"id":13527,"href":"https:\/\/itemstop.shop\/es\/wp-json\/wp\/v2\/product\/13503\/revisions\/13527"}],"wp:featuredmedia":[{"embeddable":true,"href":"https:\/\/itemstop.shop\/es\/wp-json\/wp\/v2\/media\/13504"}],"wp:attachment":[{"href":"https:\/\/itemstop.shop\/es\/wp-json\/wp\/v2\/media?parent=13503"}],"wp:term":[{"taxonomy":"brand","embeddable":true,"href":"https:\/\/itemstop.shop\/es\/wp-json\/wp\/v2\/etheme_brands?post=13503"},{"taxonomy":"product_brand","embeddable":true,"href":"https:\/\/itemstop.shop\/es\/wp-json\/wp\/v2\/product_brand?post=13503"},{"taxonomy":"product_cat","embeddable":true,"href":"https:\/\/itemstop.shop\/es\/wp-json\/wp\/v2\/product_cat?post=13503"},{"taxonomy":"product_tag","embeddable":true,"href":"https:\/\/itemstop.shop\/es\/wp-json\/wp\/v2\/product_tag?post=13503"}],"curies":[{"name":"wp","href":"https:\/\/api.w.org\/{rel}","templated":true}]}}