{"id":13435,"date":"2026-03-24T04:18:32","date_gmt":"2026-03-24T04:18:32","guid":{"rendered":"https:\/\/itemstop.shop\/?post_type=product&#038;p=13435"},"modified":"2026-03-24T04:27:20","modified_gmt":"2026-03-24T04:27:20","slug":"mini-jamon-curado-con-pack-de-accesorios","status":"publish","type":"product","link":"https:\/\/itemstop.shop\/es\/producto\/mini-jamon-curado-con-pack-de-accesorios\/","title":{"rendered":"Mini Jam\u00f3n Curado con pack de accesorios"},"content":{"rendered":"<div data-elementor-type=\"product-post\" data-elementor-id=\"13435\" class=\"elementor elementor-13435\" data-elementor-post-type=\"product\">\n\t\t\t\t<div class=\"elementor-element elementor-element-60292768 e-flex e-con-boxed e-con e-parent\" data-id=\"60292768\" data-element_type=\"container\" data-settings=\"{&quot;ekit_has_onepagescroll_dot&quot;:&quot;yes&quot;}\">\n\t\t\t\t\t<div class=\"e-con-inner\">\n\t\t\t\t<div class=\"elementor-element elementor-element-7594214c elementor-widget elementor-widget-image\" data-id=\"7594214c\" data-element_type=\"widget\" data-settings=\"{&quot;ekit_we_effect_on&quot;:&quot;none&quot;}\" data-widget_type=\"image.default\">\n\t\t\t\t<div class=\"elementor-widget-container\">\n\t\t\t\t\t\t\t\t\t\t\t\t\t\t\t<img loading=\"lazy\" decoding=\"async\" width=\"1500\" height=\"1500\" src=\"https:\/\/itemstop.shop\/wp-content\/uploads\/2026\/03\/8428204007489-1-17.jpg\" class=\"attachment-full size-full wp-image-13442 wvs-archive-product-image\" alt=\"\" srcset=\"https:\/\/itemstop.shop\/wp-content\/uploads\/2026\/03\/8428204007489-1-17.jpg 1500w, https:\/\/itemstop.shop\/wp-content\/uploads\/2026\/03\/8428204007489-1-17-300x300.jpg 300w, https:\/\/itemstop.shop\/wp-content\/uploads\/2026\/03\/8428204007489-1-17-1024x1024.jpg 1024w, https:\/\/itemstop.shop\/wp-content\/uploads\/2026\/03\/8428204007489-1-17-150x150.jpg 150w, https:\/\/itemstop.shop\/wp-content\/uploads\/2026\/03\/8428204007489-1-17-768x768.jpg 768w, https:\/\/itemstop.shop\/wp-content\/uploads\/2026\/03\/8428204007489-1-17-12x12.jpg 12w, https:\/\/itemstop.shop\/wp-content\/uploads\/2026\/03\/8428204007489-1-17-600x600.jpg 600w, https:\/\/itemstop.shop\/wp-content\/uploads\/2026\/03\/8428204007489-1-17-100x100.jpg 100w, https:\/\/itemstop.shop\/wp-content\/uploads\/2026\/03\/8428204007489-1-17-50x50.jpg 50w, https:\/\/itemstop.shop\/wp-content\/uploads\/2026\/03\/8428204007489-1-17-1x1.jpg 1w, https:\/\/itemstop.shop\/wp-content\/uploads\/2026\/03\/8428204007489-1-17-10x10.jpg 10w\" sizes=\"auto, (max-width: 1500px) 100vw, 1500px\" \/>\t\t\t\t\t\t\t\t\t\t\t\t\t\t\t<\/div>\n\t\t\t\t<\/div>\n\t\t\t\t<div class=\"elementor-element elementor-element-775d8390 elementor-widget elementor-widget-heading\" data-id=\"775d8390\" data-element_type=\"widget\" data-settings=\"{&quot;ekit_we_effect_on&quot;:&quot;none&quot;}\" data-widget_type=\"heading.default\">\n\t\t\t\t<div class=\"elementor-widget-container\">\n\t\t\t\t\t<h2 class=\"elementor-heading-title elementor-size-default\">Mini Jam\u00f3n Curado con pack de accesorios<\/h2>\t\t\t\t<\/div>\n\t\t\t\t<\/div>\n\t\t\t\t<div class=\"elementor-element elementor-element-51e3a161 elementor-widget elementor-widget-text-editor\" data-id=\"51e3a161\" data-element_type=\"widget\" data-settings=\"{&quot;ekit_we_effect_on&quot;:&quot;none&quot;}\" data-widget_type=\"text-editor.default\">\n\t\t\t\t<div class=\"elementor-widget-container\">\n\t\t\t\t\t\t\t\t\t<p>El Mini Jam\u00f3n Curado combina tradici\u00f3n y comodidad. Su tama\u00f1o reducido facilita su almacenamiento y consumo, mientras que el pack de accesorios incluidos hace que la experiencia sea completa y sencilla. Un cl\u00e1sico espa\u00f1ol adaptado a tu estilo de vida.<\/p>\t\t\t\t\t\t\t\t<\/div>\n\t\t\t\t<\/div>\n\t\t\t\t<div class=\"elementor-element elementor-element-588e284d elementor-position-left elementor-vertical-align-middle elementor-widget elementor-widget-image-box\" data-id=\"588e284d\" data-element_type=\"widget\" data-settings=\"{&quot;ekit_we_effect_on&quot;:&quot;none&quot;}\" data-widget_type=\"image-box.default\">\n\t\t\t\t<div class=\"elementor-widget-container\">\n\t\t\t\t\t<div class=\"elementor-image-box-wrapper\"><figure class=\"elementor-image-box-img\"><img loading=\"lazy\" decoding=\"async\" width=\"800\" height=\"653\" src=\"https:\/\/itemstop.shop\/wp-content\/uploads\/2026\/03\/7c2182a3e6854859a7dd313bae9a1e17_tplv-t5fjg24jzw-resize-jpeg_800_800-1.jpg\" class=\"attachment-full size-full wp-image-13443 wvs-archive-product-image\" alt=\"\" srcset=\"https:\/\/itemstop.shop\/wp-content\/uploads\/2026\/03\/7c2182a3e6854859a7dd313bae9a1e17_tplv-t5fjg24jzw-resize-jpeg_800_800-1.jpg 800w, https:\/\/itemstop.shop\/wp-content\/uploads\/2026\/03\/7c2182a3e6854859a7dd313bae9a1e17_tplv-t5fjg24jzw-resize-jpeg_800_800-1-300x245.jpg 300w, https:\/\/itemstop.shop\/wp-content\/uploads\/2026\/03\/7c2182a3e6854859a7dd313bae9a1e17_tplv-t5fjg24jzw-resize-jpeg_800_800-1-768x627.jpg 768w, https:\/\/itemstop.shop\/wp-content\/uploads\/2026\/03\/7c2182a3e6854859a7dd313bae9a1e17_tplv-t5fjg24jzw-resize-jpeg_800_800-1-15x12.jpg 15w, https:\/\/itemstop.shop\/wp-content\/uploads\/2026\/03\/7c2182a3e6854859a7dd313bae9a1e17_tplv-t5fjg24jzw-resize-jpeg_800_800-1-600x490.jpg 600w, https:\/\/itemstop.shop\/wp-content\/uploads\/2026\/03\/7c2182a3e6854859a7dd313bae9a1e17_tplv-t5fjg24jzw-resize-jpeg_800_800-1-1x1.jpg 1w, https:\/\/itemstop.shop\/wp-content\/uploads\/2026\/03\/7c2182a3e6854859a7dd313bae9a1e17_tplv-t5fjg24jzw-resize-jpeg_800_800-1-10x8.jpg 10w\" sizes=\"auto, (max-width: 800px) 100vw, 800px\" \/><\/figure><div class=\"elementor-image-box-content\"><h3 class=\"elementor-image-box-title\">Presentaci\u00f3n del Producto<\/h3><p class=\"elementor-image-box-description\">Este Mini Jam\u00f3n Curado es un producto gourmet espa\u00f1ol de alta calidad, elaborado mediante un proceso de curado tradicional que le aporta un sabor intenso y una textura jugosa. Se presenta en formato compacto, ideal para degustaciones caseras, regalos o salidas al aire libre.<\/p><\/div><\/div>\t\t\t\t<\/div>\n\t\t\t\t<\/div>\n\t\t\t\t<div class=\"elementor-element elementor-element-44fe8df9 elementor-position-right elementor-vertical-align-middle elementor-widget elementor-widget-image-box\" data-id=\"44fe8df9\" data-element_type=\"widget\" data-settings=\"{&quot;ekit_we_effect_on&quot;:&quot;none&quot;}\" data-widget_type=\"image-box.default\">\n\t\t\t\t<div class=\"elementor-widget-container\">\n\t\t\t\t\t<div class=\"elementor-image-box-wrapper\"><figure class=\"elementor-image-box-img\"><img loading=\"lazy\" decoding=\"async\" width=\"300\" height=\"300\" src=\"https:\/\/itemstop.shop\/wp-content\/uploads\/2026\/03\/a3528074-6197-4c1c-9ca7-7e3857f159e6.__CR00300300_PT0_SX300_V1___.jpg\" class=\"attachment-full size-full wp-image-13444 wvs-archive-product-image\" alt=\"\" srcset=\"https:\/\/itemstop.shop\/wp-content\/uploads\/2026\/03\/a3528074-6197-4c1c-9ca7-7e3857f159e6.__CR00300300_PT0_SX300_V1___.jpg 300w, https:\/\/itemstop.shop\/wp-content\/uploads\/2026\/03\/a3528074-6197-4c1c-9ca7-7e3857f159e6.__CR00300300_PT0_SX300_V1___-150x150.jpg 150w, https:\/\/itemstop.shop\/wp-content\/uploads\/2026\/03\/a3528074-6197-4c1c-9ca7-7e3857f159e6.__CR00300300_PT0_SX300_V1___-12x12.jpg 12w, https:\/\/itemstop.shop\/wp-content\/uploads\/2026\/03\/a3528074-6197-4c1c-9ca7-7e3857f159e6.__CR00300300_PT0_SX300_V1___-100x100.jpg 100w, https:\/\/itemstop.shop\/wp-content\/uploads\/2026\/03\/a3528074-6197-4c1c-9ca7-7e3857f159e6.__CR00300300_PT0_SX300_V1___-50x50.jpg 50w, https:\/\/itemstop.shop\/wp-content\/uploads\/2026\/03\/a3528074-6197-4c1c-9ca7-7e3857f159e6.__CR00300300_PT0_SX300_V1___-1x1.jpg 1w, https:\/\/itemstop.shop\/wp-content\/uploads\/2026\/03\/a3528074-6197-4c1c-9ca7-7e3857f159e6.__CR00300300_PT0_SX300_V1___-10x10.jpg 10w\" sizes=\"auto, (max-width: 300px) 100vw, 300px\" \/><\/figure><div class=\"elementor-image-box-content\"><h3 class=\"elementor-image-box-title\">Contenido y Usos del Pack<\/h3><p class=\"elementor-image-box-description\">El pack incluye accesorios completos: soporte para jam\u00f3n, cuchillo especial y utensilios de degustaci\u00f3n, listos para usar sin necesidad de preparaci\u00f3n adicional. Es perfecto como aperitivo, para acompa\u00f1ar vinos, quesos y pan, y ofrece una aut\u00e9ntica experiencia del jam\u00f3n curado espa\u00f1ol en cualquier ocasi\u00f3n.<\/p><\/div><\/div>\t\t\t\t<\/div>\n\t\t\t\t<\/div>\n\t\t\t\t<div class=\"elementor-element elementor-element-544976b3 elementor-widget elementor-widget-image\" data-id=\"544976b3\" data-element_type=\"widget\" data-settings=\"{&quot;ekit_we_effect_on&quot;:&quot;none&quot;}\" data-widget_type=\"image.default\">\n\t\t\t\t<div class=\"elementor-widget-container\">\n\t\t\t\t\t\t\t\t\t\t\t\t\t\t\t<img loading=\"lazy\" decoding=\"async\" width=\"800\" height=\"800\" src=\"https:\/\/itemstop.shop\/wp-content\/uploads\/2026\/03\/0076729441204a868c4c8792b3958061_tplv-t5fjg24jzw-resize-jpeg_800_800.jpg\" class=\"attachment-full size-full wp-image-13445 wvs-archive-product-image\" alt=\"\" srcset=\"https:\/\/itemstop.shop\/wp-content\/uploads\/2026\/03\/0076729441204a868c4c8792b3958061_tplv-t5fjg24jzw-resize-jpeg_800_800.jpg 800w, https:\/\/itemstop.shop\/wp-content\/uploads\/2026\/03\/0076729441204a868c4c8792b3958061_tplv-t5fjg24jzw-resize-jpeg_800_800-300x300.jpg 300w, https:\/\/itemstop.shop\/wp-content\/uploads\/2026\/03\/0076729441204a868c4c8792b3958061_tplv-t5fjg24jzw-resize-jpeg_800_800-150x150.jpg 150w, https:\/\/itemstop.shop\/wp-content\/uploads\/2026\/03\/0076729441204a868c4c8792b3958061_tplv-t5fjg24jzw-resize-jpeg_800_800-768x768.jpg 768w, https:\/\/itemstop.shop\/wp-content\/uploads\/2026\/03\/0076729441204a868c4c8792b3958061_tplv-t5fjg24jzw-resize-jpeg_800_800-12x12.jpg 12w, https:\/\/itemstop.shop\/wp-content\/uploads\/2026\/03\/0076729441204a868c4c8792b3958061_tplv-t5fjg24jzw-resize-jpeg_800_800-600x600.jpg 600w, https:\/\/itemstop.shop\/wp-content\/uploads\/2026\/03\/0076729441204a868c4c8792b3958061_tplv-t5fjg24jzw-resize-jpeg_800_800-100x100.jpg 100w, https:\/\/itemstop.shop\/wp-content\/uploads\/2026\/03\/0076729441204a868c4c8792b3958061_tplv-t5fjg24jzw-resize-jpeg_800_800-50x50.jpg 50w, https:\/\/itemstop.shop\/wp-content\/uploads\/2026\/03\/0076729441204a868c4c8792b3958061_tplv-t5fjg24jzw-resize-jpeg_800_800-1x1.jpg 1w, https:\/\/itemstop.shop\/wp-content\/uploads\/2026\/03\/0076729441204a868c4c8792b3958061_tplv-t5fjg24jzw-resize-jpeg_800_800-10x10.jpg 10w\" sizes=\"auto, (max-width: 800px) 100vw, 800px\" \/>\t\t\t\t\t\t\t\t\t\t\t\t\t\t\t<\/div>\n\t\t\t\t<\/div>\n\t\t\t\t<div class=\"elementor-element elementor-element-6938c39d elementor-widget elementor-widget-image\" data-id=\"6938c39d\" data-element_type=\"widget\" data-settings=\"{&quot;ekit_we_effect_on&quot;:&quot;none&quot;}\" data-widget_type=\"image.default\">\n\t\t\t\t<div class=\"elementor-widget-container\">\n\t\t\t\t\t\t\t\t\t\t\t\t\t\t\t<img loading=\"lazy\" decoding=\"async\" width=\"800\" height=\"800\" src=\"https:\/\/itemstop.shop\/wp-content\/uploads\/2026\/03\/c5af273a42df46f190864fe7ee30f117_tplv-t5fjg24jzw-resize-jpeg_800_800.jpg\" class=\"attachment-full size-full wp-image-13446 wvs-archive-product-image\" alt=\"\" srcset=\"https:\/\/itemstop.shop\/wp-content\/uploads\/2026\/03\/c5af273a42df46f190864fe7ee30f117_tplv-t5fjg24jzw-resize-jpeg_800_800.jpg 800w, https:\/\/itemstop.shop\/wp-content\/uploads\/2026\/03\/c5af273a42df46f190864fe7ee30f117_tplv-t5fjg24jzw-resize-jpeg_800_800-300x300.jpg 300w, https:\/\/itemstop.shop\/wp-content\/uploads\/2026\/03\/c5af273a42df46f190864fe7ee30f117_tplv-t5fjg24jzw-resize-jpeg_800_800-150x150.jpg 150w, https:\/\/itemstop.shop\/wp-content\/uploads\/2026\/03\/c5af273a42df46f190864fe7ee30f117_tplv-t5fjg24jzw-resize-jpeg_800_800-768x768.jpg 768w, https:\/\/itemstop.shop\/wp-content\/uploads\/2026\/03\/c5af273a42df46f190864fe7ee30f117_tplv-t5fjg24jzw-resize-jpeg_800_800-12x12.jpg 12w, https:\/\/itemstop.shop\/wp-content\/uploads\/2026\/03\/c5af273a42df46f190864fe7ee30f117_tplv-t5fjg24jzw-resize-jpeg_800_800-600x600.jpg 600w, https:\/\/itemstop.shop\/wp-content\/uploads\/2026\/03\/c5af273a42df46f190864fe7ee30f117_tplv-t5fjg24jzw-resize-jpeg_800_800-100x100.jpg 100w, https:\/\/itemstop.shop\/wp-content\/uploads\/2026\/03\/c5af273a42df46f190864fe7ee30f117_tplv-t5fjg24jzw-resize-jpeg_800_800-50x50.jpg 50w, https:\/\/itemstop.shop\/wp-content\/uploads\/2026\/03\/c5af273a42df46f190864fe7ee30f117_tplv-t5fjg24jzw-resize-jpeg_800_800-1x1.jpg 1w, https:\/\/itemstop.shop\/wp-content\/uploads\/2026\/03\/c5af273a42df46f190864fe7ee30f117_tplv-t5fjg24jzw-resize-jpeg_800_800-10x10.jpg 10w\" sizes=\"auto, (max-width: 800px) 100vw, 800px\" \/>\t\t\t\t\t\t\t\t\t\t\t\t\t\t\t<\/div>\n\t\t\t\t<\/div>\n\t\t\t\t<div class=\"elementor-element elementor-element-5cbf3256 elementor-widget elementor-widget-image\" data-id=\"5cbf3256\" data-element_type=\"widget\" data-settings=\"{&quot;ekit_we_effect_on&quot;:&quot;none&quot;}\" data-widget_type=\"image.default\">\n\t\t\t\t<div class=\"elementor-widget-container\">\n\t\t\t\t\t\t\t\t\t\t\t\t\t\t\t<img loading=\"lazy\" decoding=\"async\" width=\"600\" height=\"600\" src=\"https:\/\/itemstop.shop\/wp-content\/uploads\/2026\/03\/6f164688124a4da58c16ff673ada83e6_tplv-t5fjg24jzw-resize-jpeg_800_800-1.jpg\" class=\"attachment-full size-full wp-image-13447 wvs-archive-product-image\" alt=\"\" srcset=\"https:\/\/itemstop.shop\/wp-content\/uploads\/2026\/03\/6f164688124a4da58c16ff673ada83e6_tplv-t5fjg24jzw-resize-jpeg_800_800-1.jpg 600w, https:\/\/itemstop.shop\/wp-content\/uploads\/2026\/03\/6f164688124a4da58c16ff673ada83e6_tplv-t5fjg24jzw-resize-jpeg_800_800-1-300x300.jpg 300w, https:\/\/itemstop.shop\/wp-content\/uploads\/2026\/03\/6f164688124a4da58c16ff673ada83e6_tplv-t5fjg24jzw-resize-jpeg_800_800-1-150x150.jpg 150w, https:\/\/itemstop.shop\/wp-content\/uploads\/2026\/03\/6f164688124a4da58c16ff673ada83e6_tplv-t5fjg24jzw-resize-jpeg_800_800-1-12x12.jpg 12w, https:\/\/itemstop.shop\/wp-content\/uploads\/2026\/03\/6f164688124a4da58c16ff673ada83e6_tplv-t5fjg24jzw-resize-jpeg_800_800-1-100x100.jpg 100w, https:\/\/itemstop.shop\/wp-content\/uploads\/2026\/03\/6f164688124a4da58c16ff673ada83e6_tplv-t5fjg24jzw-resize-jpeg_800_800-1-50x50.jpg 50w, https:\/\/itemstop.shop\/wp-content\/uploads\/2026\/03\/6f164688124a4da58c16ff673ada83e6_tplv-t5fjg24jzw-resize-jpeg_800_800-1-1x1.jpg 1w, https:\/\/itemstop.shop\/wp-content\/uploads\/2026\/03\/6f164688124a4da58c16ff673ada83e6_tplv-t5fjg24jzw-resize-jpeg_800_800-1-10x10.jpg 10w\" sizes=\"auto, (max-width: 600px) 100vw, 600px\" \/>\t\t\t\t\t\t\t\t\t\t\t\t\t\t\t<\/div>\n\t\t\t\t<\/div>\n\t\t\t\t\t<\/div>\n\t\t\t\t<\/div>\n\t\t<div class=\"elementor-element elementor-element-47cc8686 e-flex e-con-boxed e-con e-parent\" data-id=\"47cc8686\" data-element_type=\"container\" data-settings=\"{&quot;ekit_has_onepagescroll_dot&quot;:&quot;yes&quot;}\">\n\t\t\t\t\t<div class=\"e-con-inner\">\n\t\t\t\t<div class=\"elementor-element elementor-element-14c7ecf2 elementor-widget elementor-widget-text-editor\" data-id=\"14c7ecf2\" data-element_type=\"widget\" data-settings=\"{&quot;ekit_we_effect_on&quot;:&quot;none&quot;}\" data-widget_type=\"text-editor.default\">\n\t\t\t\t<div class=\"elementor-widget-container\">\n\t\t\t\t\t\t\t\t\t<div class=\"elementor-widget-container\">\n Informaci\u00f3n sobre el producto\n<div class=\"product-table\">\n<div class=\"product-row\">\n<div class=\"product-label\"><strong>Sabor y textura<\/strong><\/div>\n<div class=\"product-value\">Curado, intenso, jugoso y con textura suave<\/div>\n<\/div>\n<div class=\"product-row\">\n<div class=\"product-label\"><strong>Accesorios incluidos<\/strong><\/div>\n<div class=\"product-value\">Pack completo de accesorios para jam\u00f3n<\/div>\n<\/div>\n<div class=\"product-row\">\n<div class=\"product-label\"><strong>Peso y tama\u00f1o<\/strong><\/div>\n<div class=\"product-value\">Tama\u00f1o mini, peso compacto<\/div>\n<\/div>\n<div class=\"product-row\">\n<div class=\"product-label\"><strong>Para qui\u00e9n<\/strong><\/div>\n<div class=\"product-value\">Amantes del jam\u00f3n, adultos y familias<\/div>\n<\/div>\n<\/div>\n<style>\n.product-table {\nwidth: 100%;\nborder-top: 1px solid #000;\nfont-family: Arial, sans-serif;\n}\n.product-row {\ndisplay: flex;\nborder-bottom: 1px solid #000;\npadding: 12px 0;\n}\n.product-label {\nflex: 1;\nfont-weight: bold;\nmin-width: 200px;\npadding-right: 20px;\n}\n.product-value {\nflex: 1;\nmin-width: 200px;\n}\n<\/style>\n<\/div>\t\t\t\t\t\t\t\t<\/div>\n\t\t\t\t<\/div>\n\t\t\t\t\t<\/div>\n\t\t\t\t<\/div>\n\t\t\t\t<\/div>","protected":false},"excerpt":{"rendered":"<p>Mini Jam\u00f3n Curado con pack de accesorios El Mini Jam\u00f3n Curado combina tradici\u00f3n y comodidad. Su tama\u00f1o reducido facilita su&#8230;<\/p>","protected":false},"featured_media":13436,"comment_status":"open","ping_status":"closed","template":"","meta":{"_acf_changed":false},"etheme_brands":[],"product_brand":[],"product_cat":[118],"product_tag":[],"class_list":{"0":"post-13435","1":"product","2":"type-product","3":"status-publish","4":"has-post-thumbnail","6":"product_cat-sale-shop","8":"first","9":"instock","10":"sale","11":"shipping-taxable","12":"purchasable","13":"product-type-simple"},"acf":[],"_links":{"self":[{"href":"https:\/\/itemstop.shop\/es\/wp-json\/wp\/v2\/product\/13435","targetHints":{"allow":["GET"]}}],"collection":[{"href":"https:\/\/itemstop.shop\/es\/wp-json\/wp\/v2\/product"}],"about":[{"href":"https:\/\/itemstop.shop\/es\/wp-json\/wp\/v2\/types\/product"}],"replies":[{"embeddable":true,"href":"https:\/\/itemstop.shop\/es\/wp-json\/wp\/v2\/comments?post=13435"}],"version-history":[{"count":4,"href":"https:\/\/itemstop.shop\/es\/wp-json\/wp\/v2\/product\/13435\/revisions"}],"predecessor-version":[{"id":13455,"href":"https:\/\/itemstop.shop\/es\/wp-json\/wp\/v2\/product\/13435\/revisions\/13455"}],"wp:featuredmedia":[{"embeddable":true,"href":"https:\/\/itemstop.shop\/es\/wp-json\/wp\/v2\/media\/13436"}],"wp:attachment":[{"href":"https:\/\/itemstop.shop\/es\/wp-json\/wp\/v2\/media?parent=13435"}],"wp:term":[{"taxonomy":"brand","embeddable":true,"href":"https:\/\/itemstop.shop\/es\/wp-json\/wp\/v2\/etheme_brands?post=13435"},{"taxonomy":"product_brand","embeddable":true,"href":"https:\/\/itemstop.shop\/es\/wp-json\/wp\/v2\/product_brand?post=13435"},{"taxonomy":"product_cat","embeddable":true,"href":"https:\/\/itemstop.shop\/es\/wp-json\/wp\/v2\/product_cat?post=13435"},{"taxonomy":"product_tag","embeddable":true,"href":"https:\/\/itemstop.shop\/es\/wp-json\/wp\/v2\/product_tag?post=13435"}],"curies":[{"name":"wp","href":"https:\/\/api.w.org\/{rel}","templated":true}]}}